{"id":22864,"date":"2026-03-25T20:40:54","date_gmt":"2026-03-25T20:40:54","guid":{"rendered":"https:\/\/mercadobarber.com.br\/?page_id=22864"},"modified":"2026-03-25T20:48:21","modified_gmt":"2026-03-25T20:48:21","slug":"politica-de-cookies","status":"publish","type":"page","link":"https:\/\/mercadobarber.com.br\/en\/politica-de-cookies\/","title":{"rendered":"POL\u00cdTICA DE COOKIES"},"content":{"rendered":"<div data-elementor-type=\"wp-page\" data-elementor-id=\"22864\" class=\"elementor elementor-22864\" data-elementor-post-type=\"page\">\n\t\t\t\t<div class=\"elementor-element elementor-element-9297794 e-flex e-con-boxed e-con e-parent\" data-id=\"9297794\" data-element_type=\"container\" data-e-type=\"container\">\n\t\t\t\t\t<div class=\"e-con-inner\">\n\t\t\t\t<div class=\"elementor-element elementor-element-4d71785 elementor-widget elementor-widget-image\" data-id=\"4d71785\" data-element_type=\"widget\" data-e-type=\"widget\" data-widget_type=\"image.default\">\n\t\t\t\t\t\t\t\t\t\t\t\t\t\t\t<img fetchpriority=\"high\" decoding=\"async\" width=\"600\" height=\"150\" src=\"https:\/\/mercadobarber.com.br\/wp-content\/uploads\/2026\/03\/Logoe.png\" class=\"attachment-large size-large wp-image-22419\" alt=\"\" srcset=\"https:\/\/mercadobarber.com.br\/wp-content\/uploads\/2026\/03\/Logoe.png 600w, https:\/\/mercadobarber.com.br\/wp-content\/uploads\/2026\/03\/Logoe-300x75.png 300w, https:\/\/mercadobarber.com.br\/wp-content\/uploads\/2026\/03\/Logoe-340x85.png 340w\" sizes=\"(max-width: 600px) 100vw, 600px\" \/>\t\t\t\t\t\t\t\t\t\t\t\t\t\t\t<\/div>\n\t\t\t\t<div class=\"elementor-element elementor-element-7785857 elementor-widget elementor-widget-text-editor\" data-id=\"7785857\" data-element_type=\"widget\" data-e-type=\"widget\" data-widget_type=\"text-editor.default\">\n\t\t\t\t\t\t\t\t\t<p data-path-to-node=\"4\"><b data-path-to-node=\"4\" data-index-in-node=\"0\">\u00daltima atualiza\u00e7\u00e3o:\u00a0 <\/b>25\/03\/2026<\/p><p data-path-to-node=\"5\">O <b data-path-to-node=\"5\" data-index-in-node=\"2\">Mercado Barber<\/b> (mercadobarber.com.br) utiliza cookies e tecnologias semelhantes para melhorar a sua experi\u00eancia de navega\u00e7\u00e3o, personalizar conte\u00fados e an\u00fancios, fornecer recursos de redes sociais e analisar o nosso tr\u00e1fego. Esta pol\u00edtica explica o que s\u00e3o cookies, como os utilizamos e como voc\u00ea pode gerenci\u00e1-los.<\/p><hr data-path-to-node=\"6\" \/><h3 data-path-to-node=\"7\">1. O que s\u00e3o Cookies?<\/h3><p data-path-to-node=\"8\">Cookies s\u00e3o pequenos arquivos de texto enviados e armazenados no seu computador, smartphone ou outro dispositivo de navega\u00e7\u00e3o quando voc\u00ea visita um site. Eles servem para que o site &#8220;lembre&#8221; de suas a\u00e7\u00f5es e prefer\u00eancias (como login, idioma, tamanho da fonte e outras prefer\u00eancias de exibi\u00e7\u00e3o) durante um per\u00edodo, para que voc\u00ea n\u00e3o precise digit\u00e1-las novamente sempre que retornar ao site.<\/p><h3 data-path-to-node=\"9\">2. Como utilizamos os Cookies?<\/h3><p data-path-to-node=\"10\">No <b data-path-to-node=\"10\" data-index-in-node=\"3\">Mercado Barber<\/b>, utilizamos cookies para as seguintes finalidades:<\/p><ul data-path-to-node=\"11\"><li><p data-path-to-node=\"11,0,0\"><b data-path-to-node=\"11,0,0\" data-index-in-node=\"0\">Cookies Estritamente Necess\u00e1rios:<\/b> Essenciais para o funcionamento do site, permitindo que voc\u00ea navegue e utilize recursos como o carrinho de compras e \u00e1reas seguras de login. Sem estes, o site n\u00e3o funciona corretamente.<\/p><\/li><li><p data-path-to-node=\"11,1,0\"><b data-path-to-node=\"11,1,0\" data-index-in-node=\"0\">Cookies de Desempenho e Anal\u00edticos:<\/b> Ajudam-nos a entender como os visitantes interagem com o site, fornecendo informa\u00e7\u00f5es sobre as \u00e1reas visitadas, o tempo gasto e quaisquer problemas encontrados (como mensagens de erro). Isso nos ajuda a melhorar o desempenho da plataforma.<\/p><\/li><li><p data-path-to-node=\"11,2,0\"><b data-path-to-node=\"11,2,0\" data-index-in-node=\"0\">Cookies de Funcionalidade:<\/b> Permitem que o site se lembre de suas escolhas (como seu nome de usu\u00e1rio ou localiza\u00e7\u00e3o) para proporcionar uma experi\u00eancia mais personalizada.<\/p><\/li><li><p data-path-to-node=\"11,3,0\"><b data-path-to-node=\"11,3,0\" data-index-in-node=\"0\">Cookies de Publicidade e Marketing:<\/b> Utilizados para entregar an\u00fancios mais relevantes para voc\u00ea e seus interesses. Tamb\u00e9m s\u00e3o usados para limitar o n\u00famero de vezes que voc\u00ea v\u00ea um an\u00fancio e medir a efic\u00e1cia das campanhas publicit\u00e1rias.<\/p><\/li><\/ul><h3 data-path-to-node=\"12\">3. Cookies de Terceiros<\/h3><p data-path-to-node=\"13\">Em alguns casos, utilizamos cookies fornecidos por terceiros confi\u00e1veis. Nosso site pode utilizar, por exemplo:<\/p><ul data-path-to-node=\"14\"><li><p data-path-to-node=\"14,0,0\"><b data-path-to-node=\"14,0,0\" data-index-in-node=\"0\">Google Analytics:<\/b> Para nos ajudar a entender como voc\u00ea usa o site e como podemos melhorar sua experi\u00eancia.<\/p><\/li><li><p data-path-to-node=\"14,1,0\"><b data-path-to-node=\"14,1,0\" data-index-in-node=\"0\">Pixels de Redes Sociais (Facebook\/Instagram):<\/b> Para otimizar campanhas de marketing voltadas ao p\u00fablico interessado em produtos de barbearia.<\/p><\/li><\/ul><h3 data-path-to-node=\"15\">4. Como gerenciar ou desativar Cookies?<\/h3><p data-path-to-node=\"16\">Voc\u00ea pode controlar e\/ou excluir cookies a qualquer momento atrav\u00e9s das configura\u00e7\u00f5es do seu navegador. Voc\u00ea pode apagar todos os cookies j\u00e1 instalados e configurar a maioria dos navegadores para impedir a instala\u00e7\u00e3o deles.<\/p><p data-path-to-node=\"17\"><b data-path-to-node=\"17\" data-index-in-node=\"0\">Aten\u00e7\u00e3o:<\/b> Se voc\u00ea desativar os cookies, a sua experi\u00eancia de navega\u00e7\u00e3o no <b data-path-to-node=\"17\" data-index-in-node=\"73\">Mercado Barber<\/b> poder\u00e1 ser prejudicada, e algumas funcionalidades (como manter itens no carrinho ou permanecer logado) podem n\u00e3o funcionar corretamente.<\/p><p data-path-to-node=\"18\">Para ajustar as configura\u00e7\u00f5es, consulte a se\u00e7\u00e3o de &#8220;Ajuda&#8221; do seu navegador:<\/p><ul data-path-to-node=\"19\"><li><p data-path-to-node=\"19,0,0\"><a href=\"https:\/\/support.google.com\/chrome\/answer\/95647\" target=\"_blank\" rel=\"noopener\" data-hveid=\"0\" data-ved=\"0CAAQ_4QMahcKEwjSy5CT8ruTAxUAAAAAHQAAAAAQLA\">Google Chrome<\/a><\/p><\/li><li><p data-path-to-node=\"19,1,0\"><a href=\"https:\/\/www.google.com\/search?q=https:\/\/support.mozilla.org\/pt-BR\/kb\/gerencie-configuracoes-de-armazenamento-local-de-sites\" target=\"_blank\" rel=\"noopener\" data-hveid=\"0\" data-ved=\"0CAAQ_4QMahcKEwjSy5CT8ruTAxUAAAAAHQAAAAAQLQ\">Mozilla Firefox<\/a><\/p><\/li><li><p data-path-to-node=\"19,2,0\"><a href=\"https:\/\/support.apple.com\/pt-br\/guide\/safari\/sfri11471\/mac\" target=\"_blank\" rel=\"noopener\" data-hveid=\"0\" data-ved=\"0CAAQ_4QMahcKEwjSy5CT8ruTAxUAAAAAHQAAAAAQLg\">Safari<\/a><\/p><\/li><li><p data-path-to-node=\"19,3,0\"><a href=\"https:\/\/www.google.com\/search?q=https:\/\/support.microsoft.com\/pt-br\/windows\/deletar-e-gerenciar-cookies-168dab11-0753-043d-7c16-ede5947798d2\" target=\"_blank\" rel=\"noopener\" data-hveid=\"0\" data-ved=\"0CAAQ_4QMahcKEwjSy5CT8ruTAxUAAAAAHQAAAAAQLw\">Microsoft Edge<\/a><\/p><\/li><\/ul><h3 data-path-to-node=\"20\">5. Altera\u00e7\u00f5es nesta Pol\u00edtica<\/h3><p data-path-to-node=\"21\">Podemos atualizar esta Pol\u00edtica de Cookies periodicamente para refletir mudan\u00e7as em nossas pr\u00e1ticas ou por raz\u00f5es operacionais, legais ou regulamentares. Recomendamos que voc\u00ea revise esta p\u00e1gina regularmente.<\/p><h3 data-path-to-node=\"22\">6. Contato<\/h3><p data-path-to-node=\"23\">Se tiver d\u00favidas sobre nossa utiliza\u00e7\u00e3o de cookies, entre em contato conosco:<\/p><ul data-path-to-node=\"24\"><li><p data-path-to-node=\"24,0,0\"><b data-path-to-node=\"24,0,0\" data-index-in-node=\"0\">E-mail:<\/b> contato@mercadobarber.com.br<\/p><\/li><li><p data-path-to-node=\"24,0,0\"><b data-path-to-node=\"24,1,0\" data-index-in-node=\"0\">Numero Contato:<\/b>\u00a0+5512982147893<\/p><\/li><\/ul>\t\t\t\t\t\t\t\t<\/div>\n\t\t\t\t<div class=\"elementor-element elementor-element-9756143 elementor-widget elementor-widget-image\" data-id=\"9756143\" data-element_type=\"widget\" data-e-type=\"widget\" data-widget_type=\"image.default\">\n\t\t\t\t\t\t\t\t\t\t\t\t\t\t\t<img fetchpriority=\"high\" decoding=\"async\" width=\"600\" height=\"150\" src=\"https:\/\/mercadobarber.com.br\/wp-content\/uploads\/2026\/03\/Logoe.png\" class=\"attachment-large size-large wp-image-22419\" alt=\"\" srcset=\"https:\/\/mercadobarber.com.br\/wp-content\/uploads\/2026\/03\/Logoe.png 600w, https:\/\/mercadobarber.com.br\/wp-content\/uploads\/2026\/03\/Logoe-300x75.png 300w, https:\/\/mercadobarber.com.br\/wp-content\/uploads\/2026\/03\/Logoe-340x85.png 340w\" sizes=\"(max-width: 600px) 100vw, 600px\" \/>\t\t\t\t\t\t\t\t\t\t\t\t\t\t\t<\/div>\n\t\t\t\t\t<\/div>\n\t\t\t\t<\/div>\n\t\t\t\t<\/div>","protected":false},"excerpt":{"rendered":"<p>\u00daltima atualiza\u00e7\u00e3o:\u00a0 25\/03\/2026 O Mercado Barber (mercadobarber.com.br) utiliza cookies e tecnologias semelhantes para melhorar a sua experi\u00eancia de navega\u00e7\u00e3o, personalizar conte\u00fados e an\u00fancios, fornecer recursos de redes sociais e analisar o nosso tr\u00e1fego. Esta pol\u00edtica explica o que s\u00e3o cookies, como os utilizamos e como voc\u00ea pode gerenci\u00e1-los. 1. O que s\u00e3o Cookies? Cookies s\u00e3o [&hellip;]<\/p>\n","protected":false},"author":1,"featured_media":0,"parent":0,"menu_order":0,"comment_status":"closed","ping_status":"closed","template":"","meta":{"rs_blank_template":"","rs_page_bg_color":"","slide_template_v7":"","_joinchat":[],"footnotes":""},"class_list":["post-22864","page","type-page","status-publish","hentry"],"jetpack_sharing_enabled":true,"_links":{"self":[{"href":"https:\/\/mercadobarber.com.br\/en\/wp-json\/wp\/v2\/pages\/22864","targetHints":{"allow":["GET"]}}],"collection":[{"href":"https:\/\/mercadobarber.com.br\/en\/wp-json\/wp\/v2\/pages"}],"about":[{"href":"https:\/\/mercadobarber.com.br\/en\/wp-json\/wp\/v2\/types\/page"}],"author":[{"embeddable":true,"href":"https:\/\/mercadobarber.com.br\/en\/wp-json\/wp\/v2\/users\/1"}],"replies":[{"embeddable":true,"href":"https:\/\/mercadobarber.com.br\/en\/wp-json\/wp\/v2\/comments?post=22864"}],"version-history":[{"count":0,"href":"https:\/\/mercadobarber.com.br\/en\/wp-json\/wp\/v2\/pages\/22864\/revisions"}],"wp:attachment":[{"href":"https:\/\/mercadobarber.com.br\/en\/wp-json\/wp\/v2\/media?parent=22864"}],"curies":[{"name":"wp","href":"https:\/\/api.w.org\/{rel}","templated":true}]}}